{"id":15584,"date":"2024-04-24T16:17:59","date_gmt":"2024-04-24T15:17:59","guid":{"rendered":"https:\/\/basemelia.tryplisboacaparica.com\/politica-ambiental\/"},"modified":"2024-05-09T10:29:06","modified_gmt":"2024-05-09T09:29:06","slug":"environmental-policy","status":"publish","type":"page","link":"https:\/\/meliabase.hoti.shareit.pt\/en\/environmental-policy\/","title":{"rendered":"Environmental Policy"},"content":{"rendered":"\t\t<div data-elementor-type=\"wp-page\" data-elementor-id=\"15584\" class=\"elementor elementor-15584 elementor-15104\" data-elementor-post-type=\"page\">\n\t\t\t\t<section class=\"elementor-element elementor-element-6c6eb2b e-con-full e-flex e-con e-parent\" data-id=\"6c6eb2b\" data-element_type=\"container\" data-settings=\"{&quot;background_background&quot;:&quot;classic&quot;}\">\n\t\t<div class=\"elementor-element elementor-element-88c41f8 e-con-full e-flex e-con e-child\" data-id=\"88c41f8\" data-element_type=\"container\">\n\t\t\t\t<div class=\"elementor-element elementor-element-d99bec5 elementor-widget elementor-widget-heading\" data-id=\"d99bec5\" data-element_type=\"widget\" data-widget_type=\"heading.default\">\n\t\t\t\t<div class=\"elementor-widget-container\">\n\t\t\t\t\t<h1 class=\"elementor-heading-title elementor-size-default\">ENVIRONMENTAL<\/h1>\t\t\t\t<\/div>\n\t\t\t\t<\/div>\n\t\t\t\t<div class=\"elementor-element elementor-element-1de591b elementor-widget elementor-widget-heading\" data-id=\"1de591b\" data-element_type=\"widget\" data-widget_type=\"heading.default\">\n\t\t\t\t<div class=\"elementor-widget-container\">\n\t\t\t\t\t<h1 class=\"elementor-heading-title elementor-size-default\">POLICY<\/h1>\t\t\t\t<\/div>\n\t\t\t\t<\/div>\n\t\t\t\t<\/div>\n\t\t\t\t<\/section>\n\t\t<section class=\"elementor-element elementor-element-cab6987 e-con-full e-flex e-con e-parent\" data-id=\"cab6987\" data-element_type=\"container\">\n\t\t\t\t<div class=\"elementor-element elementor-element-a610a2c elementor-widget elementor-widget-text-editor\" data-id=\"a610a2c\" data-element_type=\"widget\" data-widget_type=\"text-editor.default\">\n\t\t\t\t<div class=\"elementor-widget-container\">\n\t\t\t\t\t\t\t\t\t<p>Meli\u00e1 Braga Hotel &amp; SPA is fully aware of the importance of responsible and sustainable management in the development of hotel business. Inspired by this concept, we have taken on a commitment that we have been solidifying with fundamental guidelines for success. It is with these guidelines that we intend to contribute to good environmental practices, in order to minimize the respective impacts in terms of pollution, guaranteeing the preservation of natural resources in order to enhance sustainable tourism. To this end, Meli\u00e1 Braga Hotel &amp; SPA establishes this policy with the following objectives:<\/p>\t\t\t\t\t\t\t\t<\/div>\n\t\t\t\t<\/div>\n\t\t\t\t<\/section>\n\t\t<section class=\"elementor-element elementor-element-16e7567 e-con-full e-flex e-con e-parent\" data-id=\"16e7567\" data-element_type=\"container\">\n\t\t<div class=\"elementor-element elementor-element-32eb677 e-con-full e-flex e-con e-child\" data-id=\"32eb677\" data-element_type=\"container\" data-settings=\"{&quot;background_background&quot;:&quot;classic&quot;}\">\n\t\t\t\t<div class=\"elementor-element elementor-element-0675144 elementor-widget elementor-widget-spacer\" data-id=\"0675144\" data-element_type=\"widget\" data-widget_type=\"spacer.default\">\n\t\t\t\t<div class=\"elementor-widget-container\">\n\t\t\t\t\t\t\t<div class=\"elementor-spacer\">\n\t\t\t<div class=\"elementor-spacer-inner\"><\/div>\n\t\t<\/div>\n\t\t\t\t\t\t<\/div>\n\t\t\t\t<\/div>\n\t\t\t\t<\/div>\n\t\t<div class=\"elementor-element elementor-element-d63fbdc e-con-full e-flex e-con e-child\" data-id=\"d63fbdc\" data-element_type=\"container\">\n\t\t<div class=\"elementor-element elementor-element-1591f18 e-con-full e-flex e-con e-child\" data-id=\"1591f18\" data-element_type=\"container\">\n\t\t\t\t<div class=\"elementor-element elementor-element-aa51c00 elementor-widget elementor-widget-text-editor\" data-id=\"aa51c00\" data-element_type=\"widget\" data-widget_type=\"text-editor.default\">\n\t\t\t\t<div class=\"elementor-widget-container\">\n\t\t\t\t\t\t\t\t\t<p>Comply with the legal and environmental requirements applicable to its activity, regularly assessing its impacts.<\/p><p>Promote environmental awareness and training among employees in order to involve them and train them in good environmental practices.<\/p><p>Cooperate and promote communication with governmental and external entities and associations.<\/p>\t\t\t\t\t\t\t\t<\/div>\n\t\t\t\t<\/div>\n\t\t\t\t<\/div>\n\t\t\t\t<\/div>\n\t\t\t\t<\/section>\n\t\t<section class=\"elementor-element elementor-element-0928446 e-con-full e-flex e-con e-parent\" data-id=\"0928446\" data-element_type=\"container\">\n\t\t<div class=\"elementor-element elementor-element-e894d0e e-con-full e-flex e-con e-child\" data-id=\"e894d0e\" data-element_type=\"container\">\n\t\t<div class=\"elementor-element elementor-element-b5cc52a e-con-full e-flex e-con e-child\" data-id=\"b5cc52a\" data-element_type=\"container\">\n\t\t\t\t<div class=\"elementor-element elementor-element-fea7ff0 elementor-widget__width-initial elementor-widget elementor-widget-text-editor\" data-id=\"fea7ff0\" data-element_type=\"widget\" data-widget_type=\"text-editor.default\">\n\t\t\t\t<div class=\"elementor-widget-container\">\n\t\t\t\t\t\t\t\t\t<p>Encouraging the involvement of suppliers in issues of good environmental practice with a view to improving performance in this area and that of the entire operation involved.<\/p><p>Reduce and control energy and raw material consumption.<\/p><p>Adopt an attitude of continuous improvement in pollution prevention.<\/p><p>Consolidate the conquest of clients who are willing to take advantage of the services offered by the enterprise, with a high level of quality.<\/p>\t\t\t\t\t\t\t\t<\/div>\n\t\t\t\t<\/div>\n\t\t\t\t<\/div>\n\t\t\t\t<\/div>\n\t\t<div class=\"elementor-element elementor-element-2ac5ff6 e-con-full e-flex e-con e-child\" data-id=\"2ac5ff6\" data-element_type=\"container\" data-settings=\"{&quot;background_background&quot;:&quot;classic&quot;}\">\n\t\t\t\t<div class=\"elementor-element elementor-element-84b994a elementor-widget elementor-widget-spacer\" data-id=\"84b994a\" data-element_type=\"widget\" data-widget_type=\"spacer.default\">\n\t\t\t\t<div class=\"elementor-widget-container\">\n\t\t\t\t\t\t\t<div class=\"elementor-spacer\">\n\t\t\t<div class=\"elementor-spacer-inner\"><\/div>\n\t\t<\/div>\n\t\t\t\t\t\t<\/div>\n\t\t\t\t<\/div>\n\t\t\t\t<\/div>\n\t\t\t\t<\/section>\n\t\t<section class=\"elementor-element elementor-element-a29bc57 e-con-full e-flex e-con e-parent\" data-id=\"a29bc57\" data-element_type=\"container\">\n\t\t\t\t<div class=\"elementor-element elementor-element-804f03e elementor-widget elementor-widget-text-editor\" data-id=\"804f03e\" data-element_type=\"widget\" data-widget_type=\"text-editor.default\">\n\t\t\t\t<div class=\"elementor-widget-container\">\n\t\t\t\t\t\t\t\t\t<p>Taking these principles into account, as well as providing the necessary and appropriate resources, including a commitment to specialized human resources, with regular training and technologically advanced equipment, the Meli\u00e1 Braga Hotel &amp; Spa always seeks to fully satisfy the needs and expectations of its customers.<\/p>\t\t\t\t\t\t\t\t<\/div>\n\t\t\t\t<\/div>\n\t\t\t\t<\/section>\n\t\t\t\t<\/div>\n\t\t","protected":false},"excerpt":{"rendered":"<p>ENVIRONMENTAL POLICY Meli\u00e1 Braga Hotel &amp; SPA is fully aware of the importance of responsible and sustainable management in the development of hotel business. Inspired by this concept, we have taken on a commitment that we have been solidifying with fundamental guidelines for success. It is with these guidelines that we intend to contribute to [&hellip;]<\/p>\n","protected":false},"author":1,"featured_media":0,"parent":0,"menu_order":0,"comment_status":"closed","ping_status":"closed","template":"","meta":{"_acf_changed":false,"footnotes":""},"class_list":["post-15584","page","type-page","status-publish","hentry"],"acf":[],"yoast_head":"<!-- This site is optimized with the Yoast SEO plugin v24.5 - https:\/\/yoast.com\/wordpress\/plugins\/seo\/ -->\n<title>Environmental Policy -BASE TRYP- N\u00e3o mexer<\/title>\n<meta name=\"description\" content=\"O TRYP Lisboa Caparica Mar \u00e9 um hotel de ambiente relaxante e descontra\u00eddo, situado \u00e0 beira-mar, sobre a mais extensa e famosa praia da Regi\u00e3o de Lisboa, a Costa da Caparica.\" \/>\n<meta name=\"robots\" content=\"noindex, follow, max-snippet:-1, max-image-preview:large, max-video-preview:-1\" \/>\n<meta property=\"og:locale\" content=\"en_US\" \/>\n<meta property=\"og:type\" content=\"article\" \/>\n<meta property=\"og:title\" content=\"Environmental Policy -BASE TRYP- N\u00e3o mexer\" \/>\n<meta property=\"og:description\" content=\"O TRYP Lisboa Caparica Mar \u00e9 um hotel de ambiente relaxante e descontra\u00eddo, situado \u00e0 beira-mar, sobre a mais extensa e famosa praia da Regi\u00e3o de Lisboa, a Costa da Caparica.\" \/>\n<meta property=\"og:url\" content=\"https:\/\/meliabase.hoti.shareit.pt\/en\/environmental-policy\/\" \/>\n<meta property=\"og:site_name\" content=\"-BASE TRYP- N\u00e3o mexer\" \/>\n<meta property=\"article:publisher\" content=\"https:\/\/www.facebook.com\/tryplisboacaparicamar\/\" \/>\n<meta property=\"article:modified_time\" content=\"2024-05-09T09:29:06+00:00\" \/>\n<meta property=\"og:image\" content=\"https:\/\/meliabase.hoti.shareit.pt\/wp-content\/uploads\/sites\/16\/2024\/02\/TRYP_Lisboa_Caparica_Mar_Open-Graph.jpg\" \/>\n\t<meta property=\"og:image:width\" content=\"1200\" \/>\n\t<meta property=\"og:image:height\" content=\"630\" \/>\n\t<meta property=\"og:image:type\" content=\"image\/jpeg\" \/>\n<meta name=\"twitter:card\" content=\"summary_large_image\" \/>\n<meta name=\"twitter:label1\" content=\"Est. reading time\" \/>\n\t<meta name=\"twitter:data1\" content=\"2 minutes\" \/>\n<script type=\"application\/ld+json\" class=\"yoast-schema-graph\">{\"@context\":\"https:\/\/schema.org\",\"@graph\":[{\"@type\":\"WebPage\",\"@id\":\"https:\/\/meliabase.hoti.shareit.pt\/en\/environmental-policy\/\",\"url\":\"https:\/\/meliabase.hoti.shareit.pt\/en\/environmental-policy\/\",\"name\":\"Environmental Policy -BASE TRYP- N\u00e3o mexer\",\"isPartOf\":{\"@id\":\"https:\/\/meliabase.hoti.shareit.pt\/en\/#website\"},\"datePublished\":\"2024-04-24T15:17:59+00:00\",\"dateModified\":\"2024-05-09T09:29:06+00:00\",\"description\":\"O TRYP Lisboa Caparica Mar \u00e9 um hotel de ambiente relaxante e descontra\u00eddo, situado \u00e0 beira-mar, sobre a mais extensa e famosa praia da Regi\u00e3o de Lisboa, a Costa da Caparica.\",\"breadcrumb\":{\"@id\":\"https:\/\/meliabase.hoti.shareit.pt\/en\/environmental-policy\/#breadcrumb\"},\"inLanguage\":\"en-US\",\"potentialAction\":[{\"@type\":\"ReadAction\",\"target\":[\"https:\/\/meliabase.hoti.shareit.pt\/en\/environmental-policy\/\"]}]},{\"@type\":\"BreadcrumbList\",\"@id\":\"https:\/\/meliabase.hoti.shareit.pt\/en\/environmental-policy\/#breadcrumb\",\"itemListElement\":[{\"@type\":\"ListItem\",\"position\":1,\"name\":\"In\u00edcio\",\"item\":\"https:\/\/meliabase.hoti.shareit.pt\/en\/\"},{\"@type\":\"ListItem\",\"position\":2,\"name\":\"Environmental Policy\"}]},{\"@type\":\"WebSite\",\"@id\":\"https:\/\/meliabase.hoti.shareit.pt\/en\/#website\",\"url\":\"https:\/\/meliabase.hoti.shareit.pt\/en\/\",\"name\":\"TRYP Costa da Caparica\",\"description\":\"O TRYP Lisboa Caparica Mar \u00e9 um hotel de ambiente relaxante e descontra\u00eddo, situado \u00e0 beira-mar, sobre a mais extensa e famosa praia da Regi\u00e3o de Lisboa, a Costa da Caparica.\",\"publisher\":{\"@id\":\"https:\/\/meliabase.hoti.shareit.pt\/en\/#organization\"},\"alternateName\":\"Lisboa Caparica Mar\",\"potentialAction\":[{\"@type\":\"SearchAction\",\"target\":{\"@type\":\"EntryPoint\",\"urlTemplate\":\"https:\/\/meliabase.hoti.shareit.pt\/en\/?s={search_term_string}\"},\"query-input\":{\"@type\":\"PropertyValueSpecification\",\"valueRequired\":true,\"valueName\":\"search_term_string\"}}],\"inLanguage\":\"en-US\"},{\"@type\":\"Organization\",\"@id\":\"https:\/\/meliabase.hoti.shareit.pt\/en\/#organization\",\"name\":\"TRYP Costa da Caparica\",\"alternateName\":\"TRYP Lisboa Caparica Mar\",\"url\":\"https:\/\/meliabase.hoti.shareit.pt\/en\/\",\"logo\":{\"@type\":\"ImageObject\",\"inLanguage\":\"en-US\",\"@id\":\"https:\/\/meliabase.hoti.shareit.pt\/en\/#\/schema\/logo\/image\/\",\"url\":\"https:\/\/meliabase.hoti.shareit.pt\/wp-content\/uploads\/sites\/16\/2024\/04\/Melia_Braga_Logo.svg\",\"contentUrl\":\"https:\/\/meliabase.hoti.shareit.pt\/wp-content\/uploads\/sites\/16\/2024\/04\/Melia_Braga_Logo.svg\",\"width\":131,\"height\":68,\"caption\":\"TRYP Costa da Caparica\"},\"image\":{\"@id\":\"https:\/\/meliabase.hoti.shareit.pt\/en\/#\/schema\/logo\/image\/\"},\"sameAs\":[\"https:\/\/www.facebook.com\/tryplisboacaparicamar\/\",\"https:\/\/www.linkedin.com\/company\/hoti-hoteis\/\",\"https:\/\/www.tripadvisor.pt\/Hotel_Review-g656856-d280552-Reviews-TRYP_by_Wyndham_Lisboa_Caparica_Mar-Costa_da_Caparica_Setubal_District_Alentejo.html\"]}]}<\/script>\n<!-- \/ Yoast SEO plugin. -->","yoast_head_json":{"title":"Environmental Policy -BASE TRYP- N\u00e3o mexer","description":"O TRYP Lisboa Caparica Mar \u00e9 um hotel de ambiente relaxante e descontra\u00eddo, situado \u00e0 beira-mar, sobre a mais extensa e famosa praia da Regi\u00e3o de Lisboa, a Costa da Caparica.","robots":{"index":"noindex","follow":"follow","max-snippet":"max-snippet:-1","max-image-preview":"max-image-preview:large","max-video-preview":"max-video-preview:-1"},"og_locale":"en_US","og_type":"article","og_title":"Environmental Policy -BASE TRYP- N\u00e3o mexer","og_description":"O TRYP Lisboa Caparica Mar \u00e9 um hotel de ambiente relaxante e descontra\u00eddo, situado \u00e0 beira-mar, sobre a mais extensa e famosa praia da Regi\u00e3o de Lisboa, a Costa da Caparica.","og_url":"https:\/\/meliabase.hoti.shareit.pt\/en\/environmental-policy\/","og_site_name":"-BASE TRYP- N\u00e3o mexer","article_publisher":"https:\/\/www.facebook.com\/tryplisboacaparicamar\/","article_modified_time":"2024-05-09T09:29:06+00:00","og_image":[{"width":1200,"height":630,"url":"https:\/\/meliabase.hoti.shareit.pt\/wp-content\/uploads\/sites\/16\/2024\/02\/TRYP_Lisboa_Caparica_Mar_Open-Graph.jpg","type":"image\/jpeg"}],"twitter_card":"summary_large_image","twitter_misc":{"Est. reading time":"2 minutes"},"schema":{"@context":"https:\/\/schema.org","@graph":[{"@type":"WebPage","@id":"https:\/\/meliabase.hoti.shareit.pt\/en\/environmental-policy\/","url":"https:\/\/meliabase.hoti.shareit.pt\/en\/environmental-policy\/","name":"Environmental Policy -BASE TRYP- N\u00e3o mexer","isPartOf":{"@id":"https:\/\/meliabase.hoti.shareit.pt\/en\/#website"},"datePublished":"2024-04-24T15:17:59+00:00","dateModified":"2024-05-09T09:29:06+00:00","description":"O TRYP Lisboa Caparica Mar \u00e9 um hotel de ambiente relaxante e descontra\u00eddo, situado \u00e0 beira-mar, sobre a mais extensa e famosa praia da Regi\u00e3o de Lisboa, a Costa da Caparica.","breadcrumb":{"@id":"https:\/\/meliabase.hoti.shareit.pt\/en\/environmental-policy\/#breadcrumb"},"inLanguage":"en-US","potentialAction":[{"@type":"ReadAction","target":["https:\/\/meliabase.hoti.shareit.pt\/en\/environmental-policy\/"]}]},{"@type":"BreadcrumbList","@id":"https:\/\/meliabase.hoti.shareit.pt\/en\/environmental-policy\/#breadcrumb","itemListElement":[{"@type":"ListItem","position":1,"name":"In\u00edcio","item":"https:\/\/meliabase.hoti.shareit.pt\/en\/"},{"@type":"ListItem","position":2,"name":"Environmental Policy"}]},{"@type":"WebSite","@id":"https:\/\/meliabase.hoti.shareit.pt\/en\/#website","url":"https:\/\/meliabase.hoti.shareit.pt\/en\/","name":"TRYP Costa da Caparica","description":"O TRYP Lisboa Caparica Mar \u00e9 um hotel de ambiente relaxante e descontra\u00eddo, situado \u00e0 beira-mar, sobre a mais extensa e famosa praia da Regi\u00e3o de Lisboa, a Costa da Caparica.","publisher":{"@id":"https:\/\/meliabase.hoti.shareit.pt\/en\/#organization"},"alternateName":"Lisboa Caparica Mar","potentialAction":[{"@type":"SearchAction","target":{"@type":"EntryPoint","urlTemplate":"https:\/\/meliabase.hoti.shareit.pt\/en\/?s={search_term_string}"},"query-input":{"@type":"PropertyValueSpecification","valueRequired":true,"valueName":"search_term_string"}}],"inLanguage":"en-US"},{"@type":"Organization","@id":"https:\/\/meliabase.hoti.shareit.pt\/en\/#organization","name":"TRYP Costa da Caparica","alternateName":"TRYP Lisboa Caparica Mar","url":"https:\/\/meliabase.hoti.shareit.pt\/en\/","logo":{"@type":"ImageObject","inLanguage":"en-US","@id":"https:\/\/meliabase.hoti.shareit.pt\/en\/#\/schema\/logo\/image\/","url":"https:\/\/meliabase.hoti.shareit.pt\/wp-content\/uploads\/sites\/16\/2024\/04\/Melia_Braga_Logo.svg","contentUrl":"https:\/\/meliabase.hoti.shareit.pt\/wp-content\/uploads\/sites\/16\/2024\/04\/Melia_Braga_Logo.svg","width":131,"height":68,"caption":"TRYP Costa da Caparica"},"image":{"@id":"https:\/\/meliabase.hoti.shareit.pt\/en\/#\/schema\/logo\/image\/"},"sameAs":["https:\/\/www.facebook.com\/tryplisboacaparicamar\/","https:\/\/www.linkedin.com\/company\/hoti-hoteis\/","https:\/\/www.tripadvisor.pt\/Hotel_Review-g656856-d280552-Reviews-TRYP_by_Wyndham_Lisboa_Caparica_Mar-Costa_da_Caparica_Setubal_District_Alentejo.html"]}]}},"_links":{"self":[{"href":"https:\/\/meliabase.hoti.shareit.pt\/en\/wp-json\/wp\/v2\/pages\/15584","targetHints":{"allow":["GET"]}}],"collection":[{"href":"https:\/\/meliabase.hoti.shareit.pt\/en\/wp-json\/wp\/v2\/pages"}],"about":[{"href":"https:\/\/meliabase.hoti.shareit.pt\/en\/wp-json\/wp\/v2\/types\/page"}],"author":[{"embeddable":true,"href":"https:\/\/meliabase.hoti.shareit.pt\/en\/wp-json\/wp\/v2\/users\/1"}],"replies":[{"embeddable":true,"href":"https:\/\/meliabase.hoti.shareit.pt\/en\/wp-json\/wp\/v2\/comments?post=15584"}],"version-history":[{"count":5,"href":"https:\/\/meliabase.hoti.shareit.pt\/en\/wp-json\/wp\/v2\/pages\/15584\/revisions"}],"predecessor-version":[{"id":18470,"href":"https:\/\/meliabase.hoti.shareit.pt\/en\/wp-json\/wp\/v2\/pages\/15584\/revisions\/18470"}],"wp:attachment":[{"href":"https:\/\/meliabase.hoti.shareit.pt\/en\/wp-json\/wp\/v2\/media?parent=15584"}],"curies":[{"name":"wp","href":"https:\/\/api.w.org\/{rel}","templated":true}]}}