{"id":15585,"date":"2024-04-24T16:17:59","date_gmt":"2024-04-24T15:17:59","guid":{"rendered":"https:\/\/basemelia.tryplisboacaparica.com\/politica-ambiental\/"},"modified":"2024-05-03T14:29:08","modified_gmt":"2024-05-03T13:29:08","slug":"politique-environnementale","status":"publish","type":"page","link":"https:\/\/meliabase.hoti.shareit.pt\/fr\/politique-environnementale\/","title":{"rendered":"Politique Environnementale"},"content":{"rendered":"\t\t<div data-elementor-type=\"wp-page\" data-elementor-id=\"15585\" class=\"elementor elementor-15585 elementor-15104\" data-elementor-post-type=\"page\">\n\t\t\t\t<section class=\"elementor-element elementor-element-6c6eb2b e-con-full e-flex e-con e-parent\" data-id=\"6c6eb2b\" data-element_type=\"container\" data-settings=\"{&quot;background_background&quot;:&quot;classic&quot;}\">\n\t\t<div class=\"elementor-element elementor-element-88c41f8 e-con-full e-flex e-con e-child\" data-id=\"88c41f8\" data-element_type=\"container\">\n\t\t\t\t<div class=\"elementor-element elementor-element-d99bec5 elementor-widget elementor-widget-heading\" data-id=\"d99bec5\" data-element_type=\"widget\" data-widget_type=\"heading.default\">\n\t\t\t\t<div class=\"elementor-widget-container\">\n\t\t\t\t\t<h1 class=\"elementor-heading-title elementor-size-default\">Politique <\/h1>\t\t\t\t<\/div>\n\t\t\t\t<\/div>\n\t\t\t\t<div class=\"elementor-element elementor-element-1de591b elementor-widget elementor-widget-heading\" data-id=\"1de591b\" data-element_type=\"widget\" data-widget_type=\"heading.default\">\n\t\t\t\t<div class=\"elementor-widget-container\">\n\t\t\t\t\t<h1 class=\"elementor-heading-title elementor-size-default\">Environnementale<\/h1>\t\t\t\t<\/div>\n\t\t\t\t<\/div>\n\t\t\t\t<\/div>\n\t\t\t\t<\/section>\n\t\t<section class=\"elementor-element elementor-element-cab6987 e-con-full e-flex e-con e-parent\" data-id=\"cab6987\" data-element_type=\"container\">\n\t\t\t\t<div class=\"elementor-element elementor-element-a610a2c elementor-widget elementor-widget-text-editor\" data-id=\"a610a2c\" data-element_type=\"widget\" data-widget_type=\"text-editor.default\">\n\t\t\t\t<div class=\"elementor-widget-container\">\n\t\t\t\t\t\t\t\t\t<p>Meli\u00e1 Braga Hotel &amp; SPA est pleinement conscient de l&#8217;importance d&#8217;une gestion responsable et durable dans le d\u00e9veloppement de l&#8217;h\u00f4tellerie. Inspir\u00e9s par ce concept, nous avons pris un engagement que nous avons consolid\u00e9 avec des lignes directrices fondamentales pour le succ\u00e8s. Gr\u00e2ce \u00e0 ces lignes directrices, nous entendons contribuer aux bonnes pratiques environnementales, afin de minimiser les impacts respectifs en termes de pollution, de garantir la pr\u00e9servation des ressources naturelles et d&#8217;encourager le tourisme durable. \u00c0 cette fin, le Meli\u00e1 Braga Hotel &amp; SPA \u00e9tablit cette politique avec les objectifs suivants :<\/p>\t\t\t\t\t\t\t\t<\/div>\n\t\t\t\t<\/div>\n\t\t\t\t<\/section>\n\t\t<section class=\"elementor-element elementor-element-16e7567 e-con-full e-flex e-con e-parent\" data-id=\"16e7567\" data-element_type=\"container\">\n\t\t<div class=\"elementor-element elementor-element-32eb677 e-con-full e-flex e-con e-child\" data-id=\"32eb677\" data-element_type=\"container\" data-settings=\"{&quot;background_background&quot;:&quot;classic&quot;}\">\n\t\t\t\t<div class=\"elementor-element elementor-element-0675144 elementor-widget elementor-widget-spacer\" data-id=\"0675144\" data-element_type=\"widget\" data-widget_type=\"spacer.default\">\n\t\t\t\t<div class=\"elementor-widget-container\">\n\t\t\t\t\t\t\t<div class=\"elementor-spacer\">\n\t\t\t<div class=\"elementor-spacer-inner\"><\/div>\n\t\t<\/div>\n\t\t\t\t\t\t<\/div>\n\t\t\t\t<\/div>\n\t\t\t\t<\/div>\n\t\t<div class=\"elementor-element elementor-element-d63fbdc e-con-full e-flex e-con e-child\" data-id=\"d63fbdc\" data-element_type=\"container\">\n\t\t<div class=\"elementor-element elementor-element-1591f18 e-con-full e-flex e-con e-child\" data-id=\"1591f18\" data-element_type=\"container\">\n\t\t\t\t<div class=\"elementor-element elementor-element-aa51c00 elementor-widget elementor-widget-text-editor\" data-id=\"aa51c00\" data-element_type=\"widget\" data-widget_type=\"text-editor.default\">\n\t\t\t\t<div class=\"elementor-widget-container\">\n\t\t\t\t\t\t\t\t\t<p>Se conformer aux exigences l\u00e9gales et environnementales applicables \u00e0 son activit\u00e9, en \u00e9valuant r\u00e9guli\u00e8rement ses impacts.<\/p><p>Promouvoir la sensibilisation et la formation \u00e0 l&#8217;environnement aupr\u00e8s des employ\u00e9s afin de les impliquer et de les former aux bonnes pratiques environnementales.<\/p><p>coop\u00e9rer et promouvoir la communication avec les organismes gouvernementaux et externes et les associations.<\/p>\t\t\t\t\t\t\t\t<\/div>\n\t\t\t\t<\/div>\n\t\t\t\t<\/div>\n\t\t\t\t<\/div>\n\t\t\t\t<\/section>\n\t\t<section class=\"elementor-element elementor-element-0928446 e-con-full e-flex e-con e-parent\" data-id=\"0928446\" data-element_type=\"container\">\n\t\t<div class=\"elementor-element elementor-element-e894d0e e-con-full e-flex e-con e-child\" data-id=\"e894d0e\" data-element_type=\"container\">\n\t\t<div class=\"elementor-element elementor-element-b5cc52a e-con-full e-flex e-con e-child\" data-id=\"b5cc52a\" data-element_type=\"container\">\n\t\t\t\t<div class=\"elementor-element elementor-element-fea7ff0 elementor-widget__width-initial elementor-widget elementor-widget-text-editor\" data-id=\"fea7ff0\" data-element_type=\"widget\" data-widget_type=\"text-editor.default\">\n\t\t\t\t<div class=\"elementor-widget-container\">\n\t\t\t\t\t\t\t\t\t<p>Encourager l&#8217;implication des fournisseurs dans les questions de bonnes pratiques environnementales en vue d&#8217;am\u00e9liorer les performances dans ce domaine et celles de l&#8217;ensemble de l&#8217;op\u00e9ration concern\u00e9e.<\/p><p>R\u00e9duire et contr\u00f4ler la consommation d&#8217;\u00e9nergie et de mati\u00e8res premi\u00e8res.<\/p><p>Adopter une attitude d&#8217;am\u00e9lioration continue en mati\u00e8re de pr\u00e9vention de la pollution.<\/p><p>Consolider la conqu\u00eate de clients d\u00e9sireux de profiter des services offerts par l&#8217;entreprise, avec un niveau de qualit\u00e9 \u00e9lev\u00e9.<\/p>\t\t\t\t\t\t\t\t<\/div>\n\t\t\t\t<\/div>\n\t\t\t\t<\/div>\n\t\t\t\t<\/div>\n\t\t<div class=\"elementor-element elementor-element-2ac5ff6 e-con-full e-flex e-con e-child\" data-id=\"2ac5ff6\" data-element_type=\"container\" data-settings=\"{&quot;background_background&quot;:&quot;classic&quot;}\">\n\t\t\t\t<div class=\"elementor-element elementor-element-84b994a elementor-widget elementor-widget-spacer\" data-id=\"84b994a\" data-element_type=\"widget\" data-widget_type=\"spacer.default\">\n\t\t\t\t<div class=\"elementor-widget-container\">\n\t\t\t\t\t\t\t<div class=\"elementor-spacer\">\n\t\t\t<div class=\"elementor-spacer-inner\"><\/div>\n\t\t<\/div>\n\t\t\t\t\t\t<\/div>\n\t\t\t\t<\/div>\n\t\t\t\t<\/div>\n\t\t\t\t<\/section>\n\t\t<section class=\"elementor-element elementor-element-a29bc57 e-con-full e-flex e-con e-parent\" data-id=\"a29bc57\" data-element_type=\"container\">\n\t\t\t\t<div class=\"elementor-element elementor-element-804f03e elementor-widget elementor-widget-text-editor\" data-id=\"804f03e\" data-element_type=\"widget\" data-widget_type=\"text-editor.default\">\n\t\t\t\t<div class=\"elementor-widget-container\">\n\t\t\t\t\t\t\t\t\tEn tenant compte de ces principes, et en fournissant les ressources n\u00e9cessaires et appropri\u00e9es, y compris un engagement envers des ressources humaines sp\u00e9cialis\u00e9es, avec une formation r\u00e9guli\u00e8re et des \u00e9quipements technologiquement avanc\u00e9s, le Meli\u00e1 Braga Hotel &#038; SPA cherche toujours \u00e0 satisfaire pleinement les besoins et les attentes de ses clients.\t\t\t\t\t\t\t\t<\/div>\n\t\t\t\t<\/div>\n\t\t\t\t<\/section>\n\t\t\t\t<\/div>\n\t\t","protected":false},"excerpt":{"rendered":"<p>Politique Environnementale Meli\u00e1 Braga Hotel &amp; SPA est pleinement conscient de l&#8217;importance d&#8217;une gestion responsable et durable dans le d\u00e9veloppement de l&#8217;h\u00f4tellerie. Inspir\u00e9s par ce concept, nous avons pris un engagement que nous avons consolid\u00e9 avec des lignes directrices fondamentales pour le succ\u00e8s. Gr\u00e2ce \u00e0 ces lignes directrices, nous entendons contribuer aux bonnes pratiques environnementales, [&hellip;]<\/p>\n","protected":false},"author":1,"featured_media":0,"parent":0,"menu_order":0,"comment_status":"closed","ping_status":"closed","template":"","meta":{"_acf_changed":false,"footnotes":""},"class_list":["post-15585","page","type-page","status-publish","hentry"],"acf":[],"yoast_head":"<!-- This site is optimized with the Yoast SEO plugin v24.5 - https:\/\/yoast.com\/wordpress\/plugins\/seo\/ -->\n<title>Politique Environnementale -BASE MELIA- N\u00e3o Mexer<\/title>\n<meta name=\"description\" content=\"O TRYP Lisboa Caparica Mar \u00e9 um hotel de ambiente relaxante e descontra\u00eddo, situado \u00e0 beira-mar, sobre a mais extensa e famosa praia da Regi\u00e3o de Lisboa, a Costa da Caparica.\" \/>\n<meta name=\"robots\" content=\"noindex, follow, max-snippet:-1, max-image-preview:large, max-video-preview:-1\" \/>\n<meta property=\"og:locale\" content=\"fr_FR\" \/>\n<meta property=\"og:type\" content=\"article\" \/>\n<meta property=\"og:title\" content=\"Politique Environnementale -BASE MELIA- N\u00e3o Mexer\" \/>\n<meta property=\"og:description\" content=\"O TRYP Lisboa Caparica Mar \u00e9 um hotel de ambiente relaxante e descontra\u00eddo, situado \u00e0 beira-mar, sobre a mais extensa e famosa praia da Regi\u00e3o de Lisboa, a Costa da Caparica.\" \/>\n<meta property=\"og:url\" content=\"https:\/\/meliabase.hoti.shareit.pt\/fr\/politique-environnementale\/\" \/>\n<meta property=\"og:site_name\" content=\"-BASE MELIA- N\u00e3o Mexer\" \/>\n<meta property=\"article:publisher\" content=\"https:\/\/www.facebook.com\/tryplisboacaparicamar\/\" \/>\n<meta property=\"article:modified_time\" content=\"2024-05-03T13:29:08+00:00\" \/>\n<meta property=\"og:image\" content=\"https:\/\/meliabase.hoti.shareit.pt\/wp-content\/uploads\/sites\/16\/2024\/02\/TRYP_Lisboa_Caparica_Mar_Open-Graph.jpg\" \/>\n\t<meta property=\"og:image:width\" content=\"1200\" \/>\n\t<meta property=\"og:image:height\" content=\"630\" \/>\n\t<meta property=\"og:image:type\" content=\"image\/jpeg\" \/>\n<meta name=\"twitter:card\" content=\"summary_large_image\" \/>\n<meta name=\"twitter:label1\" content=\"Dur\u00e9e de lecture estim\u00e9e\" \/>\n\t<meta name=\"twitter:data1\" content=\"2 minutes\" \/>\n<script type=\"application\/ld+json\" class=\"yoast-schema-graph\">{\"@context\":\"https:\/\/schema.org\",\"@graph\":[{\"@type\":\"WebPage\",\"@id\":\"https:\/\/meliabase.hoti.shareit.pt\/fr\/politique-environnementale\/\",\"url\":\"https:\/\/meliabase.hoti.shareit.pt\/fr\/politique-environnementale\/\",\"name\":\"Politique Environnementale -BASE MELIA- N\u00e3o Mexer\",\"isPartOf\":{\"@id\":\"https:\/\/meliabase.hoti.shareit.pt\/fr\/#website\"},\"datePublished\":\"2024-04-24T15:17:59+00:00\",\"dateModified\":\"2024-05-03T13:29:08+00:00\",\"description\":\"O TRYP Lisboa Caparica Mar \u00e9 um hotel de ambiente relaxante e descontra\u00eddo, situado \u00e0 beira-mar, sobre a mais extensa e famosa praia da Regi\u00e3o de Lisboa, a Costa da Caparica.\",\"breadcrumb\":{\"@id\":\"https:\/\/meliabase.hoti.shareit.pt\/fr\/politique-environnementale\/#breadcrumb\"},\"inLanguage\":\"fr-FR\",\"potentialAction\":[{\"@type\":\"ReadAction\",\"target\":[\"https:\/\/meliabase.hoti.shareit.pt\/fr\/politique-environnementale\/\"]}]},{\"@type\":\"BreadcrumbList\",\"@id\":\"https:\/\/meliabase.hoti.shareit.pt\/fr\/politique-environnementale\/#breadcrumb\",\"itemListElement\":[{\"@type\":\"ListItem\",\"position\":1,\"name\":\"In\u00edcio\",\"item\":\"https:\/\/meliabase.hoti.shareit.pt\/fr\/\"},{\"@type\":\"ListItem\",\"position\":2,\"name\":\"Politique Environnementale\"}]},{\"@type\":\"WebSite\",\"@id\":\"https:\/\/meliabase.hoti.shareit.pt\/fr\/#website\",\"url\":\"https:\/\/meliabase.hoti.shareit.pt\/fr\/\",\"name\":\"TRYP Costa da Caparica\",\"description\":\"O Melia Braga \u00e9 um hotel de ambiente relaxante e descontra\u00eddo.\",\"publisher\":{\"@id\":\"https:\/\/meliabase.hoti.shareit.pt\/fr\/#organization\"},\"alternateName\":\"Lisboa Caparica Mar\",\"potentialAction\":[{\"@type\":\"SearchAction\",\"target\":{\"@type\":\"EntryPoint\",\"urlTemplate\":\"https:\/\/meliabase.hoti.shareit.pt\/fr\/?s={search_term_string}\"},\"query-input\":{\"@type\":\"PropertyValueSpecification\",\"valueRequired\":true,\"valueName\":\"search_term_string\"}}],\"inLanguage\":\"fr-FR\"},{\"@type\":\"Organization\",\"@id\":\"https:\/\/meliabase.hoti.shareit.pt\/fr\/#organization\",\"name\":\"TRYP Costa da Caparica\",\"alternateName\":\"TRYP Lisboa Caparica Mar\",\"url\":\"https:\/\/meliabase.hoti.shareit.pt\/fr\/\",\"logo\":{\"@type\":\"ImageObject\",\"inLanguage\":\"fr-FR\",\"@id\":\"https:\/\/meliabase.hoti.shareit.pt\/fr\/#\/schema\/logo\/image\/\",\"url\":\"https:\/\/meliabase.hoti.shareit.pt\/wp-content\/uploads\/sites\/16\/2024\/04\/Melia_Braga_Logo.svg\",\"contentUrl\":\"https:\/\/meliabase.hoti.shareit.pt\/wp-content\/uploads\/sites\/16\/2024\/04\/Melia_Braga_Logo.svg\",\"width\":131,\"height\":68,\"caption\":\"TRYP Costa da Caparica\"},\"image\":{\"@id\":\"https:\/\/meliabase.hoti.shareit.pt\/fr\/#\/schema\/logo\/image\/\"},\"sameAs\":[\"https:\/\/www.facebook.com\/tryplisboacaparicamar\/\",\"https:\/\/www.linkedin.com\/company\/hoti-hoteis\/\",\"https:\/\/www.tripadvisor.pt\/Hotel_Review-g656856-d280552-Reviews-TRYP_by_Wyndham_Lisboa_Caparica_Mar-Costa_da_Caparica_Setubal_District_Alentejo.html\"]}]}<\/script>\n<!-- \/ Yoast SEO plugin. -->","yoast_head_json":{"title":"Politique Environnementale -BASE MELIA- N\u00e3o Mexer","description":"O TRYP Lisboa Caparica Mar \u00e9 um hotel de ambiente relaxante e descontra\u00eddo, situado \u00e0 beira-mar, sobre a mais extensa e famosa praia da Regi\u00e3o de Lisboa, a Costa da Caparica.","robots":{"index":"noindex","follow":"follow","max-snippet":"max-snippet:-1","max-image-preview":"max-image-preview:large","max-video-preview":"max-video-preview:-1"},"og_locale":"fr_FR","og_type":"article","og_title":"Politique Environnementale -BASE MELIA- N\u00e3o Mexer","og_description":"O TRYP Lisboa Caparica Mar \u00e9 um hotel de ambiente relaxante e descontra\u00eddo, situado \u00e0 beira-mar, sobre a mais extensa e famosa praia da Regi\u00e3o de Lisboa, a Costa da Caparica.","og_url":"https:\/\/meliabase.hoti.shareit.pt\/fr\/politique-environnementale\/","og_site_name":"-BASE MELIA- N\u00e3o Mexer","article_publisher":"https:\/\/www.facebook.com\/tryplisboacaparicamar\/","article_modified_time":"2024-05-03T13:29:08+00:00","og_image":[{"width":1200,"height":630,"url":"https:\/\/meliabase.hoti.shareit.pt\/wp-content\/uploads\/sites\/16\/2024\/02\/TRYP_Lisboa_Caparica_Mar_Open-Graph.jpg","type":"image\/jpeg"}],"twitter_card":"summary_large_image","twitter_misc":{"Dur\u00e9e de lecture estim\u00e9e":"2 minutes"},"schema":{"@context":"https:\/\/schema.org","@graph":[{"@type":"WebPage","@id":"https:\/\/meliabase.hoti.shareit.pt\/fr\/politique-environnementale\/","url":"https:\/\/meliabase.hoti.shareit.pt\/fr\/politique-environnementale\/","name":"Politique Environnementale -BASE MELIA- N\u00e3o Mexer","isPartOf":{"@id":"https:\/\/meliabase.hoti.shareit.pt\/fr\/#website"},"datePublished":"2024-04-24T15:17:59+00:00","dateModified":"2024-05-03T13:29:08+00:00","description":"O TRYP Lisboa Caparica Mar \u00e9 um hotel de ambiente relaxante e descontra\u00eddo, situado \u00e0 beira-mar, sobre a mais extensa e famosa praia da Regi\u00e3o de Lisboa, a Costa da Caparica.","breadcrumb":{"@id":"https:\/\/meliabase.hoti.shareit.pt\/fr\/politique-environnementale\/#breadcrumb"},"inLanguage":"fr-FR","potentialAction":[{"@type":"ReadAction","target":["https:\/\/meliabase.hoti.shareit.pt\/fr\/politique-environnementale\/"]}]},{"@type":"BreadcrumbList","@id":"https:\/\/meliabase.hoti.shareit.pt\/fr\/politique-environnementale\/#breadcrumb","itemListElement":[{"@type":"ListItem","position":1,"name":"In\u00edcio","item":"https:\/\/meliabase.hoti.shareit.pt\/fr\/"},{"@type":"ListItem","position":2,"name":"Politique Environnementale"}]},{"@type":"WebSite","@id":"https:\/\/meliabase.hoti.shareit.pt\/fr\/#website","url":"https:\/\/meliabase.hoti.shareit.pt\/fr\/","name":"TRYP Costa da Caparica","description":"O Melia Braga \u00e9 um hotel de ambiente relaxante e descontra\u00eddo.","publisher":{"@id":"https:\/\/meliabase.hoti.shareit.pt\/fr\/#organization"},"alternateName":"Lisboa Caparica Mar","potentialAction":[{"@type":"SearchAction","target":{"@type":"EntryPoint","urlTemplate":"https:\/\/meliabase.hoti.shareit.pt\/fr\/?s={search_term_string}"},"query-input":{"@type":"PropertyValueSpecification","valueRequired":true,"valueName":"search_term_string"}}],"inLanguage":"fr-FR"},{"@type":"Organization","@id":"https:\/\/meliabase.hoti.shareit.pt\/fr\/#organization","name":"TRYP Costa da Caparica","alternateName":"TRYP Lisboa Caparica Mar","url":"https:\/\/meliabase.hoti.shareit.pt\/fr\/","logo":{"@type":"ImageObject","inLanguage":"fr-FR","@id":"https:\/\/meliabase.hoti.shareit.pt\/fr\/#\/schema\/logo\/image\/","url":"https:\/\/meliabase.hoti.shareit.pt\/wp-content\/uploads\/sites\/16\/2024\/04\/Melia_Braga_Logo.svg","contentUrl":"https:\/\/meliabase.hoti.shareit.pt\/wp-content\/uploads\/sites\/16\/2024\/04\/Melia_Braga_Logo.svg","width":131,"height":68,"caption":"TRYP Costa da Caparica"},"image":{"@id":"https:\/\/meliabase.hoti.shareit.pt\/fr\/#\/schema\/logo\/image\/"},"sameAs":["https:\/\/www.facebook.com\/tryplisboacaparicamar\/","https:\/\/www.linkedin.com\/company\/hoti-hoteis\/","https:\/\/www.tripadvisor.pt\/Hotel_Review-g656856-d280552-Reviews-TRYP_by_Wyndham_Lisboa_Caparica_Mar-Costa_da_Caparica_Setubal_District_Alentejo.html"]}]}},"_links":{"self":[{"href":"https:\/\/meliabase.hoti.shareit.pt\/fr\/wp-json\/wp\/v2\/pages\/15585","targetHints":{"allow":["GET"]}}],"collection":[{"href":"https:\/\/meliabase.hoti.shareit.pt\/fr\/wp-json\/wp\/v2\/pages"}],"about":[{"href":"https:\/\/meliabase.hoti.shareit.pt\/fr\/wp-json\/wp\/v2\/types\/page"}],"author":[{"embeddable":true,"href":"https:\/\/meliabase.hoti.shareit.pt\/fr\/wp-json\/wp\/v2\/users\/1"}],"replies":[{"embeddable":true,"href":"https:\/\/meliabase.hoti.shareit.pt\/fr\/wp-json\/wp\/v2\/comments?post=15585"}],"version-history":[{"count":4,"href":"https:\/\/meliabase.hoti.shareit.pt\/fr\/wp-json\/wp\/v2\/pages\/15585\/revisions"}],"predecessor-version":[{"id":16919,"href":"https:\/\/meliabase.hoti.shareit.pt\/fr\/wp-json\/wp\/v2\/pages\/15585\/revisions\/16919"}],"wp:attachment":[{"href":"https:\/\/meliabase.hoti.shareit.pt\/fr\/wp-json\/wp\/v2\/media?parent=15585"}],"curies":[{"name":"wp","href":"https:\/\/api.w.org\/{rel}","templated":true}]}}